{"id":1040,"date":"2020-09-18T09:56:42","date_gmt":"2020-09-18T09:56:42","guid":{"rendered":"https:\/\/heartlaboratoryuba.net\/index.php\/home\/"},"modified":"2023-02-16T15:02:34","modified_gmt":"2023-02-16T15:02:34","slug":"home","status":"publish","type":"page","link":"https:\/\/heartlaboratoryuba.net\/","title":{"rendered":"Inicio"},"content":{"rendered":"\n<div class=\"wp-block-cover alignfull is-light has-parallax\" style=\"min-height:650px;aspect-ratio:unset;\"><span aria-hidden=\"true\" class=\"wp-block-cover__background has-background-dim-0 has-background-dim\"><\/span><div role=\"img\" class=\"wp-block-cover__image-background wp-image-1172 has-parallax\" style=\"background-position:50% 50%;background-image:url(https:\/\/heartlaboratoryuba.net\/wp-content\/uploads\/2022\/06\/fmed3-copiabyn.jpg)\"><\/div><div class=\"wp-block-cover__inner-container is-layout-flow wp-block-cover-is-layout-flow\">\n<div class=\"wp-block-columns are-vertically-aligned-center is-layout-flex wp-container-core-columns-is-layout-9d6595d7 wp-block-columns-is-layout-flex\">\n<div class=\"wp-block-column is-vertically-aligned-center is-layout-flow wp-block-column-is-layout-flow\">\n<div class=\"wp-block-group has-vivid-red-background-color has-background has-large-font-size is-layout-constrained wp-block-group-is-layout-constrained\"><div class=\"wp-block-group__inner-container\">\n<h1 class=\"has-white-color has-text-color wp-block-heading\" style=\"font-size:32px;font-style:normal;font-weight:600\"><strong>Lo invitamos a compartir el conocimiento<\/strong><\/h1>\n\n\n\n<p class=\"has-ast-global-color-5-color has-text-color has-small-font-size\">El heartlaboratory naci\u00f3 en 1986 en la que fuera la tercera c\u00e1tedra de anatom\u00eda, facultad de Medicina, UBA. Desde ese d\u00eda el heartlaboratory se dedica a compartir, aprender y difundir el conocimiento sobre el coraz\u00f3n y grandes vasos. Actualmente desarrolla su actividad en el ICAP (instituto de ciencias aplicadas Provenzano), primer piso, sector Uriburu.<br>Durante estos juveniles 36 a\u00f1os el laboratorio ha asistido m\u00e9dicos especialistas provenientes de varias universidades y pa\u00edses. Por sobre todas las cosas, nos une la pasi\u00f3n por estudiar el coraz\u00f3n, tarea que -sin dudas- es la Itaca de nuestro viaje. El laboratorio ha producido m\u00e1s de 100 trabajos en el \u00e1mbito nacional e internacional, figurando en libros de renombre mundial.<\/p>\n<\/div><\/div>\n<\/div>\n\n\n\n<div class=\"wp-block-column is-vertically-aligned-center is-layout-flow wp-block-column-is-layout-flow\"><\/div>\n<\/div>\n<\/div><\/div>\n\n\n\n<div class=\"wp-block-group alignfull has-ast-global-color-5-background-color has-background is-layout-constrained wp-block-group-is-layout-constrained\"><div class=\"wp-block-group__inner-container\">\n<h2 class=\"has-text-align-center has-vivid-red-color has-text-color wp-block-heading\">Dr. gustavo Abuin<\/h2>\n\n\n\n<h4 class=\"has-text-align-center wp-block-heading\">M\u00e9dico UBA. Jefe de trabajos pr\u00e1cticos de anatom\u00eda. Director del heartlaboratoryuba, ICAP.<\/h4>\n\n\n\n<p class=\"has-text-align-center\">Dr. gustavo Abuin. M\u00e9dico UBA. Jefe de trabajos pr\u00e1cticos de anatom\u00eda. Director del heartlaboratoryuba, ICAP. Especialista en cirug\u00eda general. Especialista en cirug\u00eda card\u00edaca. Miembro de la STS (society of thoracic surgeons). Jefe de secci\u00f3n cirug\u00eda cardiovascular Hospital Fern\u00e1ndez. Profesor asociado de anatom\u00eda, universidad Barcel\u00f3. Profesor adjunto de anatom\u00eda, Universidad de Concepci\u00f3n del Uruguay.<\/p>\n\n\n\n<div class=\"wp-block-columns are-vertically-aligned-center is-layout-flex wp-container-core-columns-is-layout-9d6595d7 wp-block-columns-is-layout-flex\">\n<div class=\"wp-block-column is-vertically-aligned-center is-layout-flow wp-block-column-is-layout-flow\" style=\"flex-basis:25%\">\n<div class=\"wp-block-group is-layout-constrained wp-block-group-is-layout-constrained\"><div class=\"wp-block-group__inner-container\">\n<h4 class=\"has-ast-global-color-0-color has-text-color wp-block-heading\">01<\/h4>\n\n\n\n<h3 class=\"wp-block-heading\">Museo<\/h3>\n\n\n\n<p><strong>Encontrar\u00e1s los preparados de nuestro laboratorio en el museo de Anatom\u00eda J. J. Na\u00f3n, Facultad de Medicina, Universidad de Buenos Aires, con su descripci\u00f3n.<\/strong><\/p>\n<\/div><\/div>\n\n\n\n<div class=\"wp-block-group is-layout-constrained wp-block-group-is-layout-constrained\"><div class=\"wp-block-group__inner-container\">\n<h4 class=\"has-ast-global-color-0-color has-text-color wp-block-heading\">02<\/h4>\n\n\n\n<h3 class=\"wp-block-heading\">Cirug\u00edas<\/h3>\n\n\n\n<p><strong>En esta secci\u00f3n te mostramos simulaciones junto con im\u00e1genes de cirug\u00edas reales, ambas realizadas por el equipo del Laboratorio de anatom\u00eda card\u00edaca.<\/strong><\/p>\n<\/div><\/div>\n<\/div>\n\n\n\n<div class=\"wp-block-column is-vertically-aligned-center is-layout-flow wp-block-column-is-layout-flow\" style=\"flex-basis:50%\">\n<figure class=\"wp-block-image alignfull size-large is-style-default\"><img loading=\"lazy\" decoding=\"async\" width=\"768\" height=\"1024\" src=\"https:\/\/heartlaboratoryuba.net\/wp-content\/uploads\/2022\/12\/IMG_20211119_194705466_HDR-copia-768x1024.jpg\" alt=\"\" class=\"wp-image-1231\" srcset=\"https:\/\/heartlaboratoryuba.net\/wp-content\/uploads\/2022\/12\/IMG_20211119_194705466_HDR-copia-768x1024.jpg 768w, https:\/\/heartlaboratoryuba.net\/wp-content\/uploads\/2022\/12\/IMG_20211119_194705466_HDR-copia-225x300.jpg 225w, https:\/\/heartlaboratoryuba.net\/wp-content\/uploads\/2022\/12\/IMG_20211119_194705466_HDR-copia-1152x1536.jpg 1152w, https:\/\/heartlaboratoryuba.net\/wp-content\/uploads\/2022\/12\/IMG_20211119_194705466_HDR-copia-1536x2048.jpg 1536w, https:\/\/heartlaboratoryuba.net\/wp-content\/uploads\/2022\/12\/IMG_20211119_194705466_HDR-copia-scaled.jpg 1920w\" sizes=\"auto, (max-width: 768px) 100vw, 768px\" \/><\/figure>\n<\/div>\n\n\n\n<div class=\"wp-block-column is-vertically-aligned-center is-layout-flow wp-block-column-is-layout-flow\" style=\"flex-basis:25%\">\n<div class=\"wp-block-group is-layout-constrained wp-block-group-is-layout-constrained\"><div class=\"wp-block-group__inner-container\">\n<h4 class=\"has-ast-global-color-0-color has-text-color wp-block-heading\">03<\/h4>\n\n\n\n<h3 class=\"wp-block-heading\"><strong>&nbsp;Preparados<\/strong><\/h3>\n\n\n\n<p><strong>Te invitamos a aprender y descubrir con nosotros otra forma de ver la anatom\u00eda, con disecciones del sistema de conducci\u00f3n, irrigaci\u00f3n y cavidades card\u00edacas.&nbsp;<\/strong><\/p>\n<\/div><\/div>\n\n\n\n<div class=\"wp-block-group is-layout-constrained wp-block-group-is-layout-constrained\"><div class=\"wp-block-group__inner-container\">\n<h4 class=\"has-ast-global-color-0-color has-text-color wp-block-heading\">04<\/h4>\n\n\n\n<h3 class=\"wp-block-heading\">Material de estudio<\/h3>\n\n\n\n<p><strong>Ac\u00e1 encontrar\u00e1s material para complementar tus conocimientos, o guiarte en la b\u00fasqueda de nuevos aprendizajes.<\/strong><\/p>\n<\/div><\/div>\n<\/div>\n<\/div>\n<\/div><\/div>\n\n\n\n<div class=\"wp-block-group alignfull has-ast-global-color-4-background-color has-background is-layout-constrained wp-block-group-is-layout-constrained\"><div class=\"wp-block-group__inner-container\">\n<h2 class=\"has-text-align-center has-ast-global-color-0-color has-text-color wp-block-heading\">Trabajos de investigaci\u00f3n<\/h2>\n\n\n<ul class=\"wp-block-latest-posts__list is-grid columns-3 wp-block-latest-posts has-medium-font-size\"><li><a class=\"wp-block-latest-posts__post-title\" href=\"https:\/\/heartlaboratoryuba.net\/index.php\/2019\/06\/28\/healthy-habits-exercises-for-your-pets\/\">-Anatom\u00eda coronaria de un Ualab\u00ed de cuello rojo<\/a><\/li>\n<li><a class=\"wp-block-latest-posts__post-title\" href=\"https:\/\/heartlaboratoryuba.net\/index.php\/2019\/06\/28\/not-just-humans-need-home\/\">-Anatomical Reasons for the Discrepancies in Atrioventricular Block<\/a><\/li>\n<li><a class=\"wp-block-latest-posts__post-title\" href=\"https:\/\/heartlaboratoryuba.net\/index.php\/2019\/06\/28\/20-tips-for-your-dog-training\/\">-Anatomy (real anatomy) of the aortic valve replacement: when we can actually see it<\/a><\/li>\n<li><a class=\"wp-block-latest-posts__post-title\" href=\"https:\/\/heartlaboratoryuba.net\/index.php\/2018\/12\/26\/tips-for-smooth-silky-dog-fur\/\">-Coronary Anatomy of Commerson\u2019s Dolphin<\/a><\/li>\n<li><a class=\"wp-block-latest-posts__post-title\" href=\"https:\/\/heartlaboratoryuba.net\/index.php\/2018\/12\/26\/how-to-choose-puppy-food\/\">-Malformaciones card\u00edacas en gemelos siameses toracodimos<\/a><\/li>\n<li><a class=\"wp-block-latest-posts__post-title\" href=\"https:\/\/heartlaboratoryuba.net\/index.php\/2018\/12\/26\/healthy-donut-recipes-for-your-pets\/\">-New Findings on the Origin of the Blood Supply to the Atrioventricular Node<\/a><\/li>\n<li><a class=\"wp-block-latest-posts__post-title\" href=\"https:\/\/heartlaboratoryuba.net\/index.php\/2018\/12\/26\/top-tips-for-grooming-your-pup\/\">-Nuevos conceptos en la anatom\u00eda del sistema cardionector con aplicaci\u00f3n en electrofisiolog\u00eda<\/a><\/li>\n<li><a class=\"wp-block-latest-posts__post-title\" href=\"https:\/\/heartlaboratoryuba.net\/index.php\/2018\/12\/26\/surprise-your-pup-on-his-birthday\/\">-Simulaci\u00f3n con ecocardiograf\u00eda transesof\u00e1gica como m\u00e9todo de ense\u00f1anza<\/a><\/li>\n<li><a class=\"wp-block-latest-posts__post-title\" href=\"https:\/\/heartlaboratoryuba.net\/index.php\/2018\/12\/24\/benefits-of-exercising-with-your-dog\/\">-The Role of Atrial Vessels in Aortic Root and Mitral Valve Operations<\/a><\/li>\n<\/ul><\/div><\/div>\n","protected":false},"excerpt":{"rendered":"<p>Dr. gustavo Abuin M\u00e9dico UBA. Jefe de trabajos pr\u00e1cticos de anatom\u00eda. Director del heartlaboratoryuba, ICAP. Dr. gustavo Abuin. M\u00e9dico UBA. Jefe de trabajos pr\u00e1cticos de anatom\u00eda. Director del heartlaboratoryuba, ICAP. Especialista en cirug\u00eda general. Especialista en cirug\u00eda card\u00edaca. Miembro de la STS (society of thoracic surgeons). Jefe de secci\u00f3n cirug\u00eda cardiovascular Hospital Fern\u00e1ndez. Profesor asociado &hellip;<\/p>\n<p class=\"read-more\"> <a class=\"\" href=\"https:\/\/heartlaboratoryuba.net\/\"> <span class=\"screen-reader-text\">Inicio<\/span> Leer m\u00e1s &raquo;<\/a><\/p>\n","protected":false},"author":1,"featured_media":0,"parent":0,"menu_order":0,"comment_status":"closed","ping_status":"closed","template":"","meta":{"om_disable_all_campaigns":false,"_monsterinsights_skip_tracking":false,"_monsterinsights_sitenote_active":false,"_monsterinsights_sitenote_note":"","_monsterinsights_sitenote_category":0,"site-sidebar-layout":"no-sidebar","site-content-layout":"plain-container","ast-main-header-display":"","ast-hfb-above-header-display":"","ast-hfb-below-header-display":"","ast-hfb-mobile-header-display":"","site-post-title":"disabled","ast-breadcrumbs-content":"","ast-featured-img":"disabled","footer-sml-layout":"","theme-transparent-header-meta":"default","adv-header-id-meta":"","stick-header-meta":"","header-above-stick-meta":"","header-main-stick-meta":"","header-below-stick-meta":"","footnotes":""},"class_list":["post-1040","page","type-page","status-publish","hentry"],"_links":{"self":[{"href":"https:\/\/heartlaboratoryuba.net\/index.php\/wp-json\/wp\/v2\/pages\/1040","targetHints":{"allow":["GET"]}}],"collection":[{"href":"https:\/\/heartlaboratoryuba.net\/index.php\/wp-json\/wp\/v2\/pages"}],"about":[{"href":"https:\/\/heartlaboratoryuba.net\/index.php\/wp-json\/wp\/v2\/types\/page"}],"author":[{"embeddable":true,"href":"https:\/\/heartlaboratoryuba.net\/index.php\/wp-json\/wp\/v2\/users\/1"}],"replies":[{"embeddable":true,"href":"https:\/\/heartlaboratoryuba.net\/index.php\/wp-json\/wp\/v2\/comments?post=1040"}],"version-history":[{"count":21,"href":"https:\/\/heartlaboratoryuba.net\/index.php\/wp-json\/wp\/v2\/pages\/1040\/revisions"}],"predecessor-version":[{"id":2003,"href":"https:\/\/heartlaboratoryuba.net\/index.php\/wp-json\/wp\/v2\/pages\/1040\/revisions\/2003"}],"wp:attachment":[{"href":"https:\/\/heartlaboratoryuba.net\/index.php\/wp-json\/wp\/v2\/media?parent=1040"}],"curies":[{"name":"wp","href":"https:\/\/api.w.org\/{rel}","templated":true}]}}